{"id":2987,"date":"2022-01-26T21:24:42","date_gmt":"2022-01-26T21:24:42","guid":{"rendered":"https:\/\/redzonecarbon.fulcrumwheels.com\/?page_id=2987"},"modified":"2022-07-01T14:15:21","modified_gmt":"2022-07-01T14:15:21","slug":"terms-and-conditions-de","status":"publish","type":"page","link":"https:\/\/newspeed.fulcrumwheels.com\/de\/terms-and-conditions-de\/","title":{"rendered":"terms-and-conditions-de"},"content":{"rendered":"\t\t<div data-elementor-type=\"wp-page\" data-elementor-id=\"2987\" class=\"elementor elementor-2987\">\n\t\t\t\t\t\t\t\t\t<section class=\"elementor-section elementor-top-section elementor-element elementor-element-ca0b93d elementor-section-boxed elementor-section-height-default elementor-section-height-default\" data-id=\"ca0b93d\" data-element_type=\"section\" data-settings=\"{&quot;background_background&quot;:&quot;classic&quot;}\">\n\t\t\t\t\t\t<div class=\"elementor-container elementor-column-gap-default\">\n\t\t\t\t\t<div class=\"elementor-column elementor-col-100 elementor-top-column elementor-element elementor-element-c626403\" data-id=\"c626403\" data-element_type=\"column\">\n\t\t\t<div class=\"elementor-widget-wrap elementor-element-populated\">\n\t\t\t\t\t\t\t\t<div class=\"elementor-element elementor-element-06ebb80 elementor-widget elementor-widget-text-editor\" data-id=\"06ebb80\" data-element_type=\"widget\" data-widget_type=\"text-editor.default\">\n\t\t\t\t<div class=\"elementor-widget-container\">\n\t\t\t\t\t\t\tREGLEMENT\nDES GEWINNSPIELS MIT DER BEZEICHNUNG\n<h2>\u201cGewinne ein Paar Fulcrum Speed 25\u201d<\/h2>\t\t\t\t\t\t<\/div>\n\t\t\t\t<\/div>\n\t\t\t\t<div class=\"elementor-element elementor-element-c1f6513 elementor-widget elementor-widget-text-editor\" data-id=\"c1f6513\" data-element_type=\"widget\" data-widget_type=\"text-editor.default\">\n\t\t\t\t<div class=\"elementor-widget-container\">\n\t\t\t\t\t\t\t<p class=\"p2\"><b>Organisator:<\/b><span class=\"Apple-converted-space\">\u00a0<\/span><\/p><p class=\"p2\">FULCRUM\u00a0WHEELS S.R.L.<\/p><p class=\"p4\"><b>Eingetragener Firmensitz:<span class=\"Apple-converted-space\">\u00a0<\/span><\/b><\/p><p class=\"p4\">Via dell&#8217;Economia 103 &#8211; 36100 Vicenza (VI) \u2013 Steuernummer\/VAT No. 03167450240<\/p><p class=\"p6\"><b>Veranstalter:<\/b><span class=\"Apple-converted-space\">\u00a0<\/span><\/p><p class=\"p6\">Leevia s.r.l., mit Firmensitz in Via Ampere 61\/A, 20131 Milano \u2013 VAT No. 02339780229<\/p><p class=\"p6\"><b>Teilnehmer:<span class=\"Apple-converted-space\">\u00a0<\/span><\/b><\/p><p class=\"p6\">Am Gewinnspiel k\u00f6nnen Nutzer teilnehmen, die zum Zeitpunkt des Wettbewerbsbeginns 18 Jahre oder \u00e4lter sind.<span class=\"Apple-converted-space\">\u00a0<\/span><\/p><p class=\"p6\"><b>Dauer:<\/b><span class=\"s1\"><span class=\"Apple-converted-space\">\u00a0<\/span><\/span><\/p><p class=\"p8\">Bekanntgabe am 15 Juni 2022. Vom 24 Juni <span class=\"s1\">2022 bis<\/span> 20 Juli <span class=\"s1\">2022 <\/span>(gem\u00e4\u00df den unten angegebenen Daten)<span class=\"s1\">. Bericht bis <\/span>31 Juli <span class=\"s1\">2022.<\/span><\/p><p class=\"p6\"><b>WETTBEWERBSBEDINGUNGEN<\/b><\/p><p class=\"p6\">Vom 24. Juni 2022 bis zum 3. Juli 2022 gestattet der Veranstalter Nutzern, die zum Zeitpunkt des Beginns des Wettbewerbs mindestens 18 Jahre alt sind, wie folgt am Wettbewerb teilzunehmen:<\/p><p class=\"p6\">Der Wettbewerb besteht aus einer Challenge, die die Nutzer absolvieren m\u00fcssen, die \u00fcber eine kostenlose App \u00fcberwacht wird<span class=\"s1\">. <\/span>Um teilnehmen zu k\u00f6nnen, m\u00fcssen die Nutzer das Ziel der Challenge erreichen und dann, <span class=\"s1\"><b>bis 20 Juli 2022<\/b>,<\/span> die Webseite <span class=\"s1\">https:\/\/newspeed.fulcrumwheels.com\/strava-challenge-completed\/ <\/span>besuchen und in dem diesem Wettbewerb zugeordneten Bereich alle obligatorischen Felder in der elektronischen Maske ausf\u00fcllen, die Voraussetzung zur Teilnahme sind.<\/p><p class=\"p6\">Jeder Teilnehmer kann w\u00e4hrend der gesamten Dauer des Wettbewerbs nur einmal teilnehmen. Mehrere Einsendungen, die auf dieselbe Identit\u00e4t zur\u00fcckgef\u00fchrt werden k\u00f6nnen, k\u00f6nnen ung\u00fcltig gemacht werden, auch r\u00fcckwirkend, und wenn so eine mehrfache Einsendung gewinnt, wird der Preis wie unten beschrieben einem Ersatz-Gewinner zugewiesen.<\/p><p class=\"p6\">Die pers\u00f6nlichen Daten aller Teilnehmer, die das Teilnahmeformular ausgef\u00fcllt haben, werden vom Veranstalter in einer Gewinnspieldatei gesammelt.<\/p><p class=\"p6\"><span class=\"s2\"><b>Am 31. Juli<\/b><\/span> wird die oben genannte Akte einem Notar oder dem Beauftragten f\u00fcr Verbraucherschutz und \u00f6ffentlich beglaubigte Normen der Handelskammer zur Verf\u00fcgung gestellt, in dessen Anwesenheit die drei Gewinner (und<span class=\"Apple-converted-space\">\u00a0 <\/span>zwei Ersatzgewinner f\u00fcr jeden Gewinner, also insgesamt sechs Ersatzgewinner) werden manuell und zuf\u00e4llig gezogen, um diese Preise zu gewinnen:<\/p><p class=\"p8\">\u2013 Erster gezogener Name: Ein Laufradsatz Speed 25 DB mit einem Wert von \u20ac 1,799.18 + Steuer<\/p><p class=\"p8\">\u2013 Zweiter und dritter gezogener Name: ein Paar Laufradtaschen mit einem Wert von \u20ac 55.74 + Steuer<\/p><p class=\"p6\"><span class=\"s2\"><b>Gesamtes Preisgeld: EURO \u20ac <\/b><\/span><span class=\"s3\"><b>1,910.66<\/b><\/span><span class=\"s2\"><b> + Steuer<span class=\"Apple-converted-space\">\u00a0<\/span><\/b><\/span><\/p><p class=\"p6\"><b>Bitte beachten:<\/b><\/p><p class=\"p6\"><span class=\"s1\">\u2013 <\/span>Alle Teilnehmer k\u00f6nnen nur einmal teilnehmen und nur einen Preis gewinnen.<\/p><p class=\"p6\"><b>KOMMUNIKATION UND ANNAHME DES GEWINNS<\/b><\/p><p class=\"p6\">Die Gewinner werden per E-Mail benachrichtigt und m\u00fcssen den Preis innerhalb der in der Gewinnbenachrichtigungs-E-Mail angegebenen Fristen und Bedingungen annehmen. Wenn die Gewinner nicht kontaktiert werden k\u00f6nnen oder die Annahme ung\u00fcltig ist (z.B., wenn die Annahme nicht innerhalb der gew\u00fcnschten Zeiten und Bedingungen bei den Organisatoren eingeht), wird der Preis einem Ersatzgewinner zugewiesen, der den Preis auf die in der Benachrichtigung angegeben Art annehmen muss.<\/p><p class=\"p6\"><b>Bitte beachten:<\/b><\/p><p class=\"p6\"><span class=\"s1\">\u2013 <\/span>Ausschlusskriterien: An diesem Gewinnspiel k\u00f6nnen nicht teilnehmen:<\/p><p class=\"p6\"><span class=\"s1\">\u2013 <\/span>Angestellte oder Mitarbeiter des Veranstalters und aller an der Durchf\u00fchrung des Wettbewerbs beteiligten Unternehmen<\/p><p class=\"p6\"><span class=\"s1\">\u2013 <\/span>Minderj\u00e4hrige<\/p><p class=\"p6\">Jeder, der nach Urteil des Veranstalters oder von ihm beauftragter Dritter den Preis mit verd\u00e4chtigen, betr\u00fcgerischen oder gegen den normalen Ablauf des Wettbewerbs versto\u00dfenden Mitteln und Instrumenten gewonnen hat, wird vom Gewinnspiel ausgeschlossen und hat keinen Anspruch auf einen Preis. Der Organisator oder von ihm beauftragte Dritte behalten sich das Recht vor, mit den geeigneten Bedingungen und in \u00dcbereinstimmung mit geltenden Gesetzen jeden Versuch zur Umgehung der Regularien des Gewinnspiels einzuschr\u00e4nken und zu verhindern.<\/p><p class=\"p6\"><span class=\"s1\">\u2013 <\/span>Der Veranstalter ist nicht verantwortlich f\u00fcr Zugangsprobleme, Behinderungen, Fehlfunktionen oder Schwierigkeiten mit technischen Ger\u00e4ten, Computern, Telefonleitungen, \u00dcbertragung und Verbindung oder Internetverbindung, die einen Teilnehmer daran hindern k\u00f6nnten, am Wettbewerb teilzunehmen oder den Gewinn innerhalb der Fristen und auf den angegebenen Wegen anzunehmen.<\/p><p class=\"p6\"><span class=\"s1\">\u2013 <\/span>Der Gewinner ist allein verantwortlich f\u00fcr die Verwaltung seiner E-Mail-Adresse, insbesondere in Bezug auf:<\/p><p class=\"p6\"><span class=\"s1\">\u2013 <\/span>die E-Mail zu lesen, die ihn \u00fcber den Gewinn informiert<\/p><p class=\"p6\"><span class=\"s1\">\u2013 <\/span>Sicherheitsma\u00dfnahmen, die verhindern, dass andere Personen, die nicht vom Gewinner autorisiert sind, auf sein E-Mail-Postfach zugreifen<\/p><p class=\"p6\"><span class=\"s1\">\u2013 <\/span>Der Veranstalter oder von ihm beauftragte Dritte sind in keiner Weise verantwortlich f\u00fcr die Nichtvergabe des Preises oder f\u00fcr Verz\u00f6gerungen bei der Vergabe des Preises, falls eine der folgenden Bedingungen vorliegt:<\/p><p class=\"p6\"><span class=\"s1\">\u2013 <\/span>das E-Mail-Postfach des Gewinners ist voll<\/p><p class=\"p6\"><span class=\"s1\">\u2013 <\/span>die vom Teilnehmer beim Absenden seines Beitrags angegebene E-Mail-Adresse ist nicht vorhanden, falsch oder unvollst\u00e4ndig<\/p><p class=\"p6\"><span class=\"s1\">\u2013 <\/span>Es gibt keine Antwort vom Host-Computer, nachdem die E-Mail gesendet wurde, die ihn \u00fcber den Gewinn informiert<\/p><p class=\"p6\"><span class=\"s1\">\u2013 <\/span>Das Postfach des Gewinners ist deaktiviert<\/p><p class=\"p6\"><span class=\"s4\"><b>\u27a2<\/b><\/span> die vom Teilnehmer beim Absenden seines Beitrags angegebene E-Mail-Adresse befindet sich auf einer Sperrliste<\/p><p class=\"p6\"><span class=\"s4\"><b>\u27a2<\/b><\/span> unvollst\u00e4ndige oder falsche pers\u00f6nliche Daten<\/p><p class=\"p2\"><b>Der Veranstalter beh\u00e4lt sich das Recht vor:<\/b><\/p><p class=\"p6\">&#8211;<span class=\"Apple-converted-space\">\u00a0 <\/span>die pers\u00f6nlichen Daten des Gewinners zu ver\u00f6ffentlichen<\/p><p class=\"p6\">&#8211; von den Gewinnern und eventuell von allen Teilnehmern alle erforderlichen Dokumente anzufordern, um zu \u00fcberpr\u00fcfen, ob die eingegebenen Daten korrekt sind und ob die Challenge abgeschlossen wurde; die Anfrage erfolgt per E-Mail an die Adresse, die f\u00fcr die Teilnahme am Wettbewerb verwendet wurde. Wenn die Unterlagen nicht, nur teilweise oder nicht innerhalb der in der Anfrage angegebenen Fristen vorgelegt werden, wird der Teilnehmer ausgeschlossen und im Falle des Gewinns wird der Gewinn ung\u00fcltig<span class=\"Apple-converted-space\">\u00a0<\/span><\/p><p class=\"p6\">&#8211; die erforderlichen \u00dcberpr\u00fcfungen durchzuf\u00fchren und die Registrierungen, Teilnahmen oder Gewinne auf der Grundlage des endg\u00fcltigen Urteils des Veranstalters oder von ihm benannter Dritter zu stornieren, die diese Vorschriften nicht einhalten oder mit Mitteln, Methoden und\/oder Instrumenten, die als verd\u00e4chtig gelten, in betr\u00fcgerischer Absicht oder unter Versto\u00df gegen den normalen Ablauf des Wettbewerbs und folglich alle Teilnehmer ausschlie\u00dfen, die sich nicht an die in diesen Bestimmungen festgelegten Regeln halten oder die Challenge nicht abgeschlossen haben, wodurch bereits vergebene Gewinne annulliert werden.<span class=\"Apple-converted-space\">\u00a0<\/span><\/p><p class=\"p6\"><span class=\"s1\">\u2013 <\/span>Es gibt keine Beschr\u00e4nkungen hinsichtlich des Wohnsitzlandes der Teilnehmer,<span class=\"Apple-converted-space\">\u00a0 <\/span>Beitr\u00e4ge sind f\u00fcr die ganze Welt offen<\/p><p class=\"p6\"><span class=\"s1\">\u2013 <\/span>Die Preise werden dem Gewinner innerhalb von 180 Tagen (sechs Monaten) ab dem Datum der Vergabe zugestellt<span class=\"Apple-converted-space\">\u00a0<\/span><\/p><p class=\"p6\"><span class=\"s1\">\u2013 <\/span>Die Gewinne sind nicht \u00fcbertragbar<span class=\"s5\"><span class=\"Apple-converted-space\">\u00a0<\/span><\/span><\/p><p class=\"p6\"><span class=\"s1\">\u2013 <\/span><span class=\"s2\">Alle zu gewinnenden Preise k\u00f6nnen in keiner Weise in Wertmarken oder Bargeld umgewandelt werden. Der Veranstalter beh\u00e4lt sich das Recht vor, einen gleich- oder h\u00f6herwertigen Preis mit \u00e4hnlichen Eigenschaften bereitzustellen, wenn die Preise aus Gr\u00fcnden, die nicht in der Macht des Veranstalters liegen, nicht verf\u00fcgbar sind.<span class=\"Apple-converted-space\">\u00a0<\/span><\/span><\/p><p class=\"p6\"><span class=\"s1\">\u2013 <\/span>Der Veranstalter beh\u00e4lt sich das Recht vor, diesen Wettbewerb jederzeit abzubrechen und diese Bestimmungen ohne Vorank\u00fcndigung zu \u00e4ndern, wenn dies aufgrund unvorhersehbarer Umst\u00e4nde erforderlich ist, die sich seiner Kontrolle entziehen.<\/p><p class=\"p6\"><span class=\"s1\">\u2013 <\/span>Kaution: Die Kaution in H\u00f6he von 100 % des Gesamtwerts der zu gewinnenden Preise wurde gem\u00e4\u00df Artikel Nr. 7 des Pr\u00e4sidialdekrets 430\/2001 an das Ministerium f\u00fcr wirtschaftliche Entwicklung gezahlt.<span class=\"Apple-converted-space\">\u00a0<\/span><\/p><p class=\"p6\"><b>NON-PROFIT ORGANISATION:<\/b><\/p><p class=\"p6\">Im Gegensatz zu abgelehnten Preisen (wie oben beschrieben) werden alle Preise, die aus irgendeinem anderen Grund nicht vergeben werden, an die folgende gemeinn\u00fctzige Organisation gespendet, wie in Artikel 10 Absatz 5 des Pr\u00e4sidialdekrets Nr. 430, 26 Oktober 2001 vorgesehen:<\/p><p class=\"p6\"><span class=\"s1\">\u2013 <\/span>NON-PROFIT ORGANISATION: Fondazione Michele Scarponi ONLUS Via San Marino 15\/A, Filottrano &#8211; Ancona \u2013 Supernumerary 93154670421\u00a0<\/p><p class=\"p6\"><b>Speicherort pers\u00f6nlicher Daten:<\/b><\/p><p class=\"p6\">Die pers\u00f6nlichen Daten der Teilnehmer werden auf einem Server in Italien gespeichert.<\/p><p class=\"p6\"><b>Ausschlusskriterien:<\/b><\/p><p class=\"p6\">Mitarbeiter des Organisators und Mitarbeiter des Veranstalters, Leevia s.r.l., k\u00f6nnen an diesem Gewinnspiel nicht teilnehmen. Ebenso k\u00f6nnen auch alle Dritten und deren Mitarbeiter, die in irgendeiner Weise an der Organisation des Gewinnspiels mitgewirkt haben, nicht teilnehmen.<\/p><p class=\"p6\"><b>Werbung:<span class=\"Apple-converted-space\">\u00a0<\/span><\/b><\/p><p class=\"p6\">Der Inhalt des Gewinnspiels wird mit folgenden Mitteln beworben: Webkampagne. Die vollst\u00e4ndigen Bestimmungen sind unter https:\/\/newspeed.fulcrumwheels.com\/contest-terms-and-conditions\/ verf\u00fcgbar. Der Veranstalter beh\u00e4lt sich in jedem Fall das Recht vor, jedes andere Kommunikationsmittel zu verwenden, das er f\u00fcr geeignet h\u00e4lt, um potenzielle Teilnehmer \u00fcber den Inhalt dieses Gewinnspiels zu informieren.<\/p><p class=\"p6\"><span class=\"s1\">\u2013 <\/span>Der Veranstalter macht keinen Gebrauch von dem Recht, den Quellensteuerabzug von 25 % gem\u00e4\u00df Artikel 30 des Pr\u00e4sidialerlasses Nr. 600 vom 29.9.73 zur\u00fcckzufordern.<\/p><p class=\"p10\"><span class=\"s6\">\u2013 <\/span><b>FULCRUM WHEELS S.R.L. garantiert, dass die personenbezogenen Daten der Teilnehmer, die erkl\u00e4ren, dass sie 18 Jahre oder \u00e4lter sind, im Zusammenhang mit diesem Gewinnspiel in \u00dcbereinstimmung mit den Datenschutzbestimmungen verarbeitet werden, die unter dem Link im Gewinnspiel-Teilnahme-Formular zu finden sind.<\/b><\/p><p class=\"p6\"><span class=\"s1\">\u2013 <\/span>Die Teilnehmer an diesem Wettbewerb erkl\u00e4ren, dass sie 18 Jahre oder \u00e4lter sind.<\/p><p class=\"p6\"><span class=\"s1\">\u2013 <\/span>Regeln dieses Wettbewerbs mit Preisen:<\/p><p class=\"p6\">Um an diesem Wettbewerb teilnehmen zu k\u00f6nnen, erkl\u00e4ren sich die Teilnehmer damit einverstanden, die in diesem Reglement festgelegten Regeln und Klauseln bedingungslos und uneingeschr\u00e4nkt zu akzeptieren.<\/p><p class=\"p8\"><span class=\"s1\">Mailand,<\/span> 31\/5\/22<\/p><p class=\"p11\">Im Namen von <br \/>FULCRUM WHEELS S.R.L.<br \/>Der Evansdale<br \/>Leevia s.r.l.<\/p>\t\t\t\t\t\t<\/div>\n\t\t\t\t<\/div>\n\t\t\t\t\t<\/div>\n\t\t<\/div>\n\t\t\t\t\t\t\t<\/div>\n\t\t<\/section>\n\t\t\t\t\t\t\t<\/div>\n\t\t","protected":false},"excerpt":{"rendered":"<p>REGLEMENT DES GEWINNSPIELS MIT DER BEZEICHNUNG \u201cGewinne ein Paar Fulcrum Speed 25\u201d Organisator:\u00a0 FULCRUM\u00a0WHEELS S.R.L. Eingetragener Firmensitz:\u00a0 Via dell&#8217;Economia 103 &#8211; 36100 Vicenza (VI) \u2013 Steuernummer\/VAT No. 03167450240 Veranstalter:\u00a0 Leevia s.r.l., mit Firmensitz in Via Ampere 61\/A, 20131 Milano \u2013 VAT No. 02339780229 Teilnehmer:\u00a0 Am Gewinnspiel k\u00f6nnen Nutzer teilnehmen, die zum Zeitpunkt des Wettbewerbsbeginns 18 [&hellip;]<\/p>\n","protected":false},"author":2,"featured_media":0,"parent":0,"menu_order":0,"comment_status":"closed","ping_status":"closed","template":"","meta":[],"_links":{"self":[{"href":"https:\/\/newspeed.fulcrumwheels.com\/de\/wp-json\/wp\/v2\/pages\/2987"}],"collection":[{"href":"https:\/\/newspeed.fulcrumwheels.com\/de\/wp-json\/wp\/v2\/pages"}],"about":[{"href":"https:\/\/newspeed.fulcrumwheels.com\/de\/wp-json\/wp\/v2\/types\/page"}],"author":[{"embeddable":true,"href":"https:\/\/newspeed.fulcrumwheels.com\/de\/wp-json\/wp\/v2\/users\/2"}],"replies":[{"embeddable":true,"href":"https:\/\/newspeed.fulcrumwheels.com\/de\/wp-json\/wp\/v2\/comments?post=2987"}],"version-history":[{"count":22,"href":"https:\/\/newspeed.fulcrumwheels.com\/de\/wp-json\/wp\/v2\/pages\/2987\/revisions"}],"predecessor-version":[{"id":4465,"href":"https:\/\/newspeed.fulcrumwheels.com\/de\/wp-json\/wp\/v2\/pages\/2987\/revisions\/4465"}],"wp:attachment":[{"href":"https:\/\/newspeed.fulcrumwheels.com\/de\/wp-json\/wp\/v2\/media?parent=2987"}],"curies":[{"name":"wp","href":"https:\/\/api.w.org\/{rel}","templated":true}]}}