{"id":3000,"date":"2022-01-26T22:22:11","date_gmt":"2022-01-26T22:22:11","guid":{"rendered":"https:\/\/redzonecarbon.fulcrumwheels.com\/?page_id=3000"},"modified":"2022-07-01T14:16:38","modified_gmt":"2022-07-01T14:16:38","slug":"terms-and-conditions-es","status":"publish","type":"page","link":"https:\/\/newspeed.fulcrumwheels.com\/es\/terms-and-conditions-es\/","title":{"rendered":"terms-and-conditions-es"},"content":{"rendered":"\t\t<div data-elementor-type=\"wp-page\" data-elementor-id=\"3000\" class=\"elementor elementor-3000\">\n\t\t\t\t\t\t\t\t\t<section class=\"elementor-section elementor-top-section elementor-element elementor-element-ca0b93d elementor-section-boxed elementor-section-height-default elementor-section-height-default\" data-id=\"ca0b93d\" data-element_type=\"section\" data-settings=\"{&quot;background_background&quot;:&quot;classic&quot;}\">\n\t\t\t\t\t\t<div class=\"elementor-container elementor-column-gap-default\">\n\t\t\t\t\t<div class=\"elementor-column elementor-col-100 elementor-top-column elementor-element elementor-element-c626403\" data-id=\"c626403\" data-element_type=\"column\">\n\t\t\t<div class=\"elementor-widget-wrap elementor-element-populated\">\n\t\t\t\t\t\t\t\t<div class=\"elementor-element elementor-element-06ebb80 elementor-widget elementor-widget-text-editor\" data-id=\"06ebb80\" data-element_type=\"widget\" data-widget_type=\"text-editor.default\">\n\t\t\t\t<div class=\"elementor-widget-container\">\n\t\t\t\t\t\t\tREGLAMENTO DEL CONCURSO DE PREMIOS DENOMINADO\n<h2>\u201cGana un par de Fulcrum Speed 25\u201d<\/h2>\t\t\t\t\t\t<\/div>\n\t\t\t\t<\/div>\n\t\t\t\t<div class=\"elementor-element elementor-element-c1f6513 elementor-widget elementor-widget-text-editor\" data-id=\"c1f6513\" data-element_type=\"widget\" data-widget_type=\"text-editor.default\">\n\t\t\t\t<div class=\"elementor-widget-container\">\n\t\t\t\t\t\t\t<p class=\"p1\"><b>Empresa promotora:<span class=\"Apple-converted-space\">\u00a0<\/span><\/b><\/p><p class=\"p1\">FULCRUM WHEELS S.R.L.<\/p><p class=\"p1\"><b>Sede legal:<span class=\"Apple-converted-space\">\u00a0<\/span><\/b><\/p><p class=\"p1\">Via dell&#8217;Economia 103 &#8211; 36100 Vicenza (VI) &#8211; NIF\/IVA 03167450240<\/p><p class=\"p1\"><b>Sujeto delegado:<span class=\"Apple-converted-space\">\u00a0<\/span><\/b><\/p><p class=\"p1\">Leevia s.r.l., con Sede en Via Ampere 61\/A, 20131 Mil\u00e1n &#8211; IVA 02339780229<\/p><p class=\"p1\"><b>Destinatarios:<span class=\"Apple-converted-space\">\u00a0<\/span><\/b><\/p><p class=\"p1\">La iniciativa est\u00e1 dirigida a los usuarios mayores de edad a la fecha de comienzo del concurso<\/p><p class=\"p1\"><b>Duraci\u00f3n:<span class=\"Apple-converted-space\">\u00a0<\/span><\/b><\/p><p class=\"p1\">Comunicaci\u00f3n del 15 de junio de 2022. Del 24 de junio de 2022 al 20 de julio de 2022 (fechas detalladas m\u00e1s adelante). Acta no despu\u00e9s del 31 de julio de 2022<\/p><p class=\"p1\"><b>MODALIDAD DE PARTICIPACI\u00d3N<\/b><\/p><p class=\"p1\">Del 24 de junio de 2022 al 3 de julio de 2022, el Promotor dar\u00e1 la posibilidad a los usuarios mayores de edad a la fecha de comienzo del concurso de participar en el concurso seg\u00fan las modalidades detalladas a continuaci\u00f3n.<\/p><p class=\"p1\">Se lanzar\u00e1 un reto seg\u00fan el cual los usuarios deber\u00e1n alcanzar cierto objetivo en t\u00e9rminos de prestaciones con relaci\u00f3n a su actividad f\u00edsica, monitorizable a trav\u00e9s de una app gratuita. M\u00e1s espec\u00edficamente, para participar, una vez alcanzado el objetivo, <b>a m\u00e1s tardar el 20 de julio de 2022, <\/b>los destinatarios deber\u00e1n ir a la p\u00e1gina https:\/\/newspeed.fulcrumwheels.com\/strava-challenge-completed\/ y entrar en el \u00e1rea dedicada a este concurso con el fin de <span class=\"s1\">rellenar todos los campos obligatorios del formulario electr\u00f3nico de participaci\u00f3n en el concurso.<\/span><\/p><p class=\"p1\">Cada usuario podr\u00e1 participar una sola vez durante todo el per\u00edodo del concurso. Participaciones sucesivas a la primera atribuibles a una misma identidad podr\u00e1n ser invalidadas incluso a posteriori y, en caso de ganar el concurso, la ganancia se asignar\u00e1 a una reserva como se indica m\u00e1s abajo.<\/p><p class=\"p1\">Los datos de quienes rellenen el formulario de participaci\u00f3n ser\u00e1n recopilados por el Promotor en un archivo de sorteo.<\/p><p class=\"p8\"><span class=\"s2\"><b>A m\u00e1s tardar el 31 de julio de 2022<\/b><\/span>, dicho archivo ser\u00e1 puesto a disposici\u00f3n de un notario o del responsable de la protecci\u00f3n del consumidor y de la fe p\u00fablica de la C\u00e1mara de Comercio, en presencia del cual se proceder\u00e1 a la extracci\u00f3n manual y aleatoria de 3 ganadores (m\u00e1s 2 reservas por cada ganador, por un total de 6 reservas) que se adjudicar\u00e1n respectivamente los siguientes premios:<\/p><p class=\"p1\">\u2013 1\u00b0 premio: un par de ruedas Speed 25 DB del valor de \u20ac 1.799,18 + IVA por par;<\/p><p class=\"p1\">\u2013 2\u00b0 y 3\u00b0 premios: un par de bolsos para ruedas del valor de \u20ac 55,74 + IVA por par.<\/p><p class=\"p9\">SUMA TOTAL DE LOS PREMIOS: \u20ac 1.910,66 + IVA<\/p><p class=\"p9\"><b>Adem\u00e1s, se recuerda y reafirma que:<\/b><\/p><p class=\"p1\">\u2013 cada usuario podr\u00e1 participar una sola vez y ganar un solo premio.<\/p><p class=\"p1\"><b>COMUNICACIONES Y ACEPTACI\u00d3N DE LA GANANCIA<\/b><\/p><p class=\"p8\">Los ganadores ser\u00e1n advertidos por e-mail y deber\u00e1n aceptar el premio dentro de los plazos y con las modalidades indicadas en el aviso con el que se les comunicar\u00e1 que han ganado. Si el ganador resulta imposible de localizar o la aceptaci\u00f3n no resulta v\u00e1lida (por ejemplo, si el ganador no responde dentro de los plazos y con las modalidades indicadas), el premio se asignar\u00e1 a una reserva que deber\u00e1 convalidar a su vez el premio con las modalidades que le ser\u00e1n indicadas.<\/p><p class=\"p1\">Asimismo cabe aclarar lo siguiente:<\/p><p class=\"p1\">\u2013 Exclusi\u00f3n de participantes: se excluyen de la participaci\u00f3n en el presente concurso de premios:<\/p><p class=\"p1\">\u2013 Los empleados o colaboradores de la Empresa Promotora y de todas las empresas que intervienen en el desarrollo del concurso;<\/p><p class=\"p1\">\u2013 Los menores de edad.<\/p><p class=\"p1\">Se excluyen de la participaci\u00f3n en el Concurso y, por lo tanto, no podr\u00e1n recibir el premio los usuarios que, seg\u00fan el juicio incuestionable de la Empresa Promotora o de terceros designados por \u00e9sta, ganen aplicando medios o instrumentos considerados sospechosos, fraudulentos o en olaci\u00f3n del desarrollo normal de la iniciativa. La Empresa Promotora o los terceros designados por \u00e9sta se reservan el derecho de actuar, en los t\u00e9rminos que consideren oportunos, y respetando las leyes vigentes, para limitar e inhibir cualquier iniciativa orientada a tergiversar el sistema ideado.<\/p><p class=\"p8\">\u2013 La Promotora no asume ninguna responsabilidad con respecto a problemas de acceso, impedimento, malfuncionamiento o dificultades con los instrumentos t\u00e9cnicos, ordenador, l\u00ednea telef\u00f3nica, transmisi\u00f3n y conexi\u00f3n, conexi\u00f3n Internet, que puedan impedir a un concursante participar en el concurso o aceptar la ganancia dentro de los plazos y con las modalidades indicadas.<\/p><p class=\"p1\">\u2013 El ganador es el \u00fanico responsable de la gesti\u00f3n de su casilla de correo electr\u00f3nico, con particular referencia:<\/p><p class=\"p1\">\u2013 A la lectura del e-mail de notificaci\u00f3n de la ganancia;<\/p><p class=\"p11\">\u2013 A la adopci\u00f3n de las medidas de seguridad necesarias para impedir que sujetos no autorizados accedan a su casilla de correo.<\/p><p class=\"p8\">La Empresa Promotora y los terceros designados por \u00e9sta no asumen ninguna responsabilidad en caso de falta o retraso de entrega del premio por alguno de los siguientes motivos:<\/p><p class=\"p1\">\u2013 La casilla de correo de un ganador est\u00e1 llena;<\/p><p class=\"p11\">El e-mail indicado por el participante durante la inscripci\u00f3n es inexistente o incorrecto o est\u00e1 incompleto;<\/p><p class=\"p1\">\u2013 El ordenador host no da respuesta despu\u00e9s del env\u00edo del e-mail de notificaci\u00f3n de la ganancia;<\/p><p class=\"p1\">\u2013 La casilla de correo de un ganador resulta inhabilitada;<\/p><p class=\"p1\">\u2013 El e-mail indicado durante la inscripci\u00f3n se encuentra en una lista negra;<\/p><p class=\"p1\">\u2013 Datos personales incorrectos o falsos.<\/p><p class=\"p1\"><b>La Empresa Promotora se reserva el derecho de:<\/b><\/p><p class=\"p1\">\u2013 publicar los datos de los ganadores;<\/p><p class=\"p1\">\u2013 solicitar a los ganadores y eventualmente a los participantes todos los documentos necesarios para verificar la idoneidad de los datos introducidos y del logro del objetivo; esta solicitud se realizar\u00e1 por e-mail en la direcci\u00f3n utilizada para la inscripci\u00f3n en el concurso; la ausencia o la transmisi\u00f3n incompleta de la documentaci\u00f3n dentro del plazo indicado en la solicitud comportar\u00e1 la exclusi\u00f3n del participante, y en caso de ganancia, \u00e9sta ser\u00e1 anulada;<\/p><p class=\"p1\">\u2013 realizar las verificaciones necesarias, eventualmente anulando las inscripciones, participaciones y ganancias que, seg\u00fan el juicio incuestionable de la Empresa Promotora o de terceros designados por \u00e9sta, difieran de lo establecido en el presente Reglamento o se realicen con modalidades y\/o instrumentos juzgados sospechosos, fraudulentos o en violaci\u00f3n del desarrollo normal de la iniciativa y, en consecuencia, excluyendo de la participaci\u00f3n a los usuarios que no respeten las reglas previstas por el presente Reglamento o no hayan alcanzado el objetivo, incluso anulando, si es el caso, las ganancias ya conseguidas.<\/p><p class=\"p1\">\u2013 No existen limitaciones territoriales en lo que hace a la residencia o domicilio de los participantes. Pueden participar concursantes de todo el mundo.<\/p><p class=\"p1\">\u2013 Los premios se entregar\u00e1n a los derechohabientes dentro de un plazo de 180 d\u00edas (seis meses) desde la fecha de asignaci\u00f3n.<\/p><p class=\"p1\">\u2013 Los premios no son transferibles.<\/p><p class=\"p1\">\u2013 <span class=\"s2\">Los premios en juego no podr\u00e1n de ninguna manera convertirse en monedas de oro o dinero. En el caso de que los premios no est\u00e9n disponibles por motivos ajenos a la voluntad de la Promotora, \u00e9sta se reserva el derecho de entregar un premio de igual o superior valor con caracter\u00edsticas similares.<\/span><\/p><p class=\"p1\">\u2013 La Empresa Promotora se reserva el derecho de anular el presente Concurso en cualquier momento y de modificar el presente Reglamento sin aviso previo en el caso de que as\u00ed lo exijan circunstancias imprevistas que escapan a los controles normales.<\/p><p class=\"p1\"><b>Cauci\u00f3n:<\/b><\/p><p class=\"p1\">La garant\u00eda del 100% del monto de los premios en juego, seg\u00fan el art. 7 del D.P.R. 430\/2001, ha sido prestada a favor del Ministerio de Desarrollo Econ\u00f3mico.<\/p><p class=\"p1\"><b>ONLUS:<\/b><\/p><p class=\"p1\">Los premios no asignados por cualquier motivo que no sea el rechazo se dar\u00e1n en beneficencia a la siguiente organizaci\u00f3n sin fines de lucro (ONLUS), seg\u00fan lo previsto por el art. 10 apartado 5 del D.P.R. n. 430, 26 de octubre de 2001:<\/p><p class=\"p1\">\u2013 ONLUS: Fundaci\u00f3n Michele Scarponi ONLUS, Via San Marino 15\/A, Filottrano &#8211; Ancona &#8211; NIF 93154670421<\/p><p class=\"p8\"><b>Servidor:<\/b><\/p><p class=\"p12\">Los datos de los participantes del concurso se guardan en servidores que se encuentran en territorio nacional italiano.<\/p><p class=\"p8\"><b>Exclusi\u00f3n de la participaci\u00f3n:<\/b><\/p><p class=\"p8\">No pueden participar en el presente concurso de premios los empleados del sujeto promotor ni del sujeto delegado, Leevia s.r.l. Asimismo se excluyen todos los terceros, y respectivos empleados, que hayan colaborado, en cualquier concepto, con la realizaci\u00f3n del concurso.<\/p><p class=\"p1\"><b>Publicidad:<\/b><\/p><p class=\"p8\">El contenido de la promoci\u00f3n se comunicar\u00e1 utilizando los siguientes medios: campa\u00f1a web. El Reglamento integral se puede consultar en la p\u00e1gina https:\/\/newspeed.fulcrumwheels.com\/contest-terms-and-conditions\/. De todas maneras, la Empresa se reserva la facultad de utilizar cualquier otro medio de comunicaci\u00f3n que resulte adecuado para dar a conocer a los destinatarios el contenido del presente concurso de premios.<\/p><p class=\"p1\">\u2013 La Empresa Promotora no efectuar\u00e1 la retenci\u00f3n en origen del 25% prevista por el art. 30 del D.P.R. n.600 del 29\/9\/73.<\/p><p class=\"p1\">\u2013 FULCRUM WHEELS S.R.L. garantiza que el tratamiento de los datos personales transmitidos por los participantes, que declaran ser mayores de edad, en relaci\u00f3n con el presente concurso de premios, se lleva a cabo respetando la normativa en materia de protecci\u00f3n de los datos personales como se indica en el enlace presente en el formulario de inscripci\u00f3n en el concurso.<\/p><p class=\"p13\">\u2013 Queda entendido que los participantes en este concurso declaran ser mayores de edad.<\/p><p class=\"p1\">\u2013 Modalidad de participaci\u00f3n en el presente concurso de premios:<\/p><p class=\"p1\">la participaci\u00f3n comporta para el consumidor la aceptaci\u00f3n incondicional y total de las reglas y cl\u00e1usulas contenidas en el presente Reglamento sin limitaci\u00f3n alguna.<\/p><p class=\"p1\">Mil\u00e1n, 31 de mayo de 2022<\/p><p class=\"p1\">Por FULCRUM WHEELS S.R.L.<br \/>El Sujeto Delegado<br \/>Leevia s.r.l.<\/p>\t\t\t\t\t\t<\/div>\n\t\t\t\t<\/div>\n\t\t\t\t\t<\/div>\n\t\t<\/div>\n\t\t\t\t\t\t\t<\/div>\n\t\t<\/section>\n\t\t\t\t\t\t\t<\/div>\n\t\t","protected":false},"excerpt":{"rendered":"<p>REGLAMENTO DEL CONCURSO DE PREMIOS DENOMINADO \u201cGana un par de Fulcrum Speed 25\u201d Empresa promotora:\u00a0 FULCRUM WHEELS S.R.L. Sede legal:\u00a0 Via dell&#8217;Economia 103 &#8211; 36100 Vicenza (VI) &#8211; NIF\/IVA 03167450240 Sujeto delegado:\u00a0 Leevia s.r.l., con Sede en Via Ampere 61\/A, 20131 Mil\u00e1n &#8211; IVA 02339780229 Destinatarios:\u00a0 La iniciativa est\u00e1 dirigida a los usuarios mayores de [&hellip;]<\/p>\n","protected":false},"author":2,"featured_media":0,"parent":0,"menu_order":0,"comment_status":"closed","ping_status":"closed","template":"","meta":[],"_links":{"self":[{"href":"https:\/\/newspeed.fulcrumwheels.com\/es\/wp-json\/wp\/v2\/pages\/3000"}],"collection":[{"href":"https:\/\/newspeed.fulcrumwheels.com\/es\/wp-json\/wp\/v2\/pages"}],"about":[{"href":"https:\/\/newspeed.fulcrumwheels.com\/es\/wp-json\/wp\/v2\/types\/page"}],"author":[{"embeddable":true,"href":"https:\/\/newspeed.fulcrumwheels.com\/es\/wp-json\/wp\/v2\/users\/2"}],"replies":[{"embeddable":true,"href":"https:\/\/newspeed.fulcrumwheels.com\/es\/wp-json\/wp\/v2\/comments?post=3000"}],"version-history":[{"count":16,"href":"https:\/\/newspeed.fulcrumwheels.com\/es\/wp-json\/wp\/v2\/pages\/3000\/revisions"}],"predecessor-version":[{"id":4468,"href":"https:\/\/newspeed.fulcrumwheels.com\/es\/wp-json\/wp\/v2\/pages\/3000\/revisions\/4468"}],"wp:attachment":[{"href":"https:\/\/newspeed.fulcrumwheels.com\/es\/wp-json\/wp\/v2\/media?parent=3000"}],"curies":[{"name":"wp","href":"https:\/\/api.w.org\/{rel}","templated":true}]}}